{"id":3533,"date":"2024-04-17T07:15:52","date_gmt":"2024-04-17T05:15:52","guid":{"rendered":"https:\/\/www.excellentbaits.pl\/sobre-nosotros\/"},"modified":"2026-01-26T15:27:36","modified_gmt":"2026-01-26T14:27:36","slug":"sobre-nosotros","status":"publish","type":"page","link":"https:\/\/www.excellentbaits.pl\/es\/sobre-nosotros\/","title":{"rendered":"Sobre Nosotros"},"content":{"rendered":"\t\t<div data-elementor-type=\"wp-page\" data-elementor-id=\"3533\" class=\"elementor elementor-3533 elementor-2570\">\n\t\t\t\t<div class=\"elementor-element elementor-element-771f7c3 e-flex e-con-boxed e-con e-parent\" data-id=\"771f7c3\" data-element_type=\"container\">\n\t\t\t\t\t<div class=\"e-con-inner\">\n\t\t\t\t<div class=\"elementor-element elementor-element-d5bacec elementor-widget elementor-widget-pls-heading\" data-id=\"d5bacec\" data-element_type=\"widget\" data-widget_type=\"pls-heading.default\">\n\t\t\t\t<div class=\"elementor-widget-container\">\n\t\t\t\t\t<div id=\"pls-header-88265\" class=\"pls-element pls-heading pls-text-center separator-none\">\t\n\t\t\t\n\t\t\t<div class=\"heading-wrap\">\n\t\t\t<span class=\"separator-left\"><\/span>\n\t\t\t<h2 class=\"heading-title\">DESDE 2010...<\/h2>\t\t\t<span class=\"separator-right\"><\/span>\n\t\t\t\t\t<\/div>\n\t\t\n    <\/div>\t\t\t\t<\/div>\n\t\t\t\t<\/div>\n\t\t\t\t<div class=\"elementor-element elementor-element-b3ae247 elementor-widget elementor-widget-text-editor\" data-id=\"b3ae247\" data-element_type=\"widget\" data-widget_type=\"text-editor.default\">\n\t\t\t\t\t\t\t\t\t<p data-start=\"13\" data-end=\"545\">Los productos de Excellent Baits son el resultado de m\u00e1s de diez a\u00f1os de conocimiento y observaci\u00f3n en el \u00e1mbito de la pesca de carpas.<\/p>\n<p data-start=\"13\" data-end=\"545\">De la combinaci\u00f3n de mezclas \u00fanicas e ingredientes frescos de la m\u00e1s alta calidad, han surgido los cebos perfectos.<\/p>\t\t\t\t\t\t\t\t<\/div>\n\t\t\t\t<div class=\"elementor-element elementor-element-56c8e65 elementor-widget elementor-widget-text-editor\" data-id=\"56c8e65\" data-element_type=\"widget\" data-widget_type=\"text-editor.default\">\n\t\t\t\t\t\t\t\t\t<p>La creaci\u00f3n de la empresa Excellent Baits naci\u00f3 de una verdadera pasi\u00f3n por la pesca. Miles de horas de trabajo y cientos de peces capturados dan testimonio de nuestros incre\u00edbles productos. <\/p>\n<p><strong>Somos una gran familia: la familia Excellent Baits.<\/strong><\/p>\n<p> <\/p>\t\t\t\t\t\t\t\t<\/div>\n\t\t\t\t\t<\/div>\n\t\t\t\t<\/div>\n\t\t\t\t<\/div>\n\t\t","protected":false},"excerpt":{"rendered":"<p>DESDE 2010&#8230; Los productos de Excellent Baits son el resultado de m\u00e1s de diez a\u00f1os de conocimiento y observaci\u00f3n en el \u00e1mbito de la pesca de carpas. De la combinaci\u00f3n<\/p>\n","protected":false},"author":1,"featured_media":0,"parent":0,"menu_order":0,"comment_status":"closed","ping_status":"closed","template":"","meta":{"footnotes":""},"class_list":["post-3533","page","type-page","status-publish","hentry"],"_links":{"self":[{"href":"https:\/\/www.excellentbaits.pl\/es\/wp-json\/wp\/v2\/pages\/3533","targetHints":{"allow":["GET"]}}],"collection":[{"href":"https:\/\/www.excellentbaits.pl\/es\/wp-json\/wp\/v2\/pages"}],"about":[{"href":"https:\/\/www.excellentbaits.pl\/es\/wp-json\/wp\/v2\/types\/page"}],"author":[{"embeddable":true,"href":"https:\/\/www.excellentbaits.pl\/es\/wp-json\/wp\/v2\/users\/1"}],"replies":[{"embeddable":true,"href":"https:\/\/www.excellentbaits.pl\/es\/wp-json\/wp\/v2\/comments?post=3533"}],"version-history":[{"count":4,"href":"https:\/\/www.excellentbaits.pl\/es\/wp-json\/wp\/v2\/pages\/3533\/revisions"}],"predecessor-version":[{"id":4854,"href":"https:\/\/www.excellentbaits.pl\/es\/wp-json\/wp\/v2\/pages\/3533\/revisions\/4854"}],"wp:attachment":[{"href":"https:\/\/www.excellentbaits.pl\/es\/wp-json\/wp\/v2\/media?parent=3533"}],"curies":[{"name":"wp","href":"https:\/\/api.w.org\/{rel}","templated":true}]}}