{"id":3549,"date":"2024-04-17T07:16:25","date_gmt":"2024-04-17T05:16:25","guid":{"rendered":"https:\/\/www.excellentbaits.pl\/contactanos\/"},"modified":"2026-01-26T15:28:48","modified_gmt":"2026-01-26T14:28:48","slug":"contactanos","status":"publish","type":"page","link":"https:\/\/www.excellentbaits.pl\/es\/contactanos\/","title":{"rendered":"Cont\u00e1ctanos"},"content":{"rendered":"\t\t<div data-elementor-type=\"wp-page\" data-elementor-id=\"3549\" class=\"elementor elementor-3549 elementor-2571\">\n\t\t\t\t<div class=\"elementor-element elementor-element-cea4646 e-flex e-con-boxed e-con e-parent\" data-id=\"cea4646\" data-element_type=\"container\">\n\t\t\t\t\t<div class=\"e-con-inner\">\n\t\t<div class=\"elementor-element elementor-element-35805f5 e-con-full e-flex e-con e-child\" data-id=\"35805f5\" data-element_type=\"container\">\n\t\t\t\t<div class=\"elementor-element elementor-element-5ab3e0a elementor-widget elementor-widget-pls-contact-info\" data-id=\"5ab3e0a\" data-element_type=\"widget\" data-widget_type=\"pls-contact-info.default\">\n\t\t\t\t<div class=\"elementor-widget-container\">\n\t\t\t\t\t<div id=\"pls-contact-info-91273\" class=\"pls-element pls-contact-info\">\n\n\t<h4 class=\"pls-contact-info-title\">Excellent Baits Sp. z o.o. <\/h4>\t\t<ul class=\"pls-contact-info-data\">\n\t\t\t<li><span class=\"pls-contact-info-label\">Correo electr\u00f3nico:<\/span><span class=\"pls-contact-info-text\"><a href=\"mailto:excellent_baits@wp.pl\">excellent_baits@wp.pl<\/a><\/span><\/li><li><span class=\"pls-contact-info-label\">Tel\u00e9fono de producci\u00f3n:<\/span><span class=\"pls-contact-info-text\">Radek <a href=\"tel:+48608202857\" original=\"PC9hPg==\"><\/a>+48 608 202 857<\/a><\/span><\/li><li><span class=\"pls-contact-info-label\">Tel\u00e9fono de ventas:<\/span><span class=\"pls-contact-info-text\">Leszek <a href=\"tel:+48%20602776138\" original=\"PC9hPg==\"><\/a>+48 602 776 138<\/a><\/span><\/li>\t\t<\/ul>\n\t<\/div>\t\t\t\t<\/div>\n\t\t\t\t<\/div>\n\t\t\t\t<div class=\"elementor-element elementor-element-2449c06 elementor-widget elementor-widget-pls-contact-info\" data-id=\"2449c06\" data-element_type=\"widget\" data-widget_type=\"pls-contact-info.default\">\n\t\t\t\t<div class=\"elementor-widget-container\">\n\t\t\t\t\t<div id=\"pls-contact-info-54888\" class=\"pls-element pls-contact-info\">\n\n\t<h4 class=\"pls-contact-info-title\">Datos de registro de la empresa<\/h4><div class=\"pls-contact-info-description\">Excellent Baits Sp. z o.o. <\/div>\t\t<ul class=\"pls-contact-info-data\">\n\t\t\t<li><span class=\"pls-contact-info-label\">Direcci\u00f3n:<\/span><span class=\"pls-contact-info-text\">ul. \u015aw. Jana 6, 88-170 Pako\u015b\u0107  <\/span><\/li><li><span class=\"pls-contact-info-label\">NIF:  <\/span><span class=\"pls-contact-info-text\">  anvogue@domain.com<\/span><\/li><li><span class=\"pls-contact-info-label\">N\u00ba VET:<\/span><span class=\"pls-contact-info-text\">PL0407293p<\/span><\/li>\t\t<\/ul>\n\t<\/div>\t\t\t\t<\/div>\n\t\t\t\t<\/div>\n\t\t\t\t<div class=\"elementor-element elementor-element-1116798 elementor-widget elementor-widget-pls-contact-info\" data-id=\"1116798\" data-element_type=\"widget\" data-widget_type=\"pls-contact-info.default\">\n\t\t\t\t<div class=\"elementor-widget-container\">\n\t\t\t\t\t<div id=\"pls-contact-info-96016\" class=\"pls-element pls-contact-info\">\n\n\t<h4 class=\"pls-contact-info-title\">F\u00e1brica - producci\u00f3n<\/h4>\t\t<ul class=\"pls-contact-info-data\">\n\t\t\t<li><span class=\"pls-contact-info-label\">Direcci\u00f3n:<\/span><span class=\"pls-contact-info-text\">ul. \u015aw. Jana 6, 88-170 Pako\u015b\u0107  <\/span><\/li>\t\t<\/ul>\n\t<\/div>\t\t\t\t<\/div>\n\t\t\t\t<\/div>\n\t\t\t\t<div class=\"elementor-element elementor-element-3023afa elementor-shape-circle e-grid-align-left elementor-grid-0 elementor-widget elementor-widget-social-icons\" data-id=\"3023afa\" data-element_type=\"widget\" data-widget_type=\"social-icons.default\">\n\t\t\t\t\t\t\t<div class=\"elementor-social-icons-wrapper elementor-grid\" role=\"list\">\n\t\t\t\t\t\t\t<span class=\"elementor-grid-item\" role=\"listitem\">\n\t\t\t\t\t<a class=\"elementor-icon elementor-social-icon elementor-social-icon-facebook-f elementor-repeater-item-368070e\" href=\"https:\/\/www.facebook.com\/FamilyExcellentBaits\" target=\"_blank\" rel=\"noopener\">\n\t\t\t\t\t\t<span class=\"elementor-screen-only\">Facebook-f<\/span>\n\t\t\t\t\t\t<svg aria-hidden=\"true\" class=\"e-font-icon-svg e-fab-facebook-f\" viewBox=\"0 0 320 512\" xmlns=\"http:\/\/www.w3.org\/2000\/svg\"><path d=\"M279.14 288l14.22-92.66h-88.91v-60.13c0-25.35 12.42-50.06 52.24-50.06h40.42V6.26S260.43 0 225.36 0c-73.22 0-121.08 44.38-121.08 124.72v70.62H22.89V288h81.39v224h100.17V288z\"><\/path><\/svg>\t\t\t\t\t<\/a>\n\t\t\t\t<\/span>\n\t\t\t\t\t\t\t<span class=\"elementor-grid-item\" role=\"listitem\">\n\t\t\t\t\t<a class=\"elementor-icon elementor-social-icon elementor-social-icon-instagram elementor-repeater-item-95d5f87\" href=\"https:\/\/www.instagram.com\/excellentbaits\" target=\"_blank\" rel=\"noopener\">\n\t\t\t\t\t\t<span class=\"elementor-screen-only\">Instagram<\/span>\n\t\t\t\t\t\t<svg aria-hidden=\"true\" class=\"e-font-icon-svg e-fab-instagram\" viewBox=\"0 0 448 512\" xmlns=\"http:\/\/www.w3.org\/2000\/svg\"><path d=\"M224.1 141c-63.6 0-114.9 51.3-114.9 114.9s51.3 114.9 114.9 114.9S339 319.5 339 255.9 287.7 141 224.1 141zm0 189.6c-41.1 0-74.7-33.5-74.7-74.7s33.5-74.7 74.7-74.7 74.7 33.5 74.7 74.7-33.6 74.7-74.7 74.7zm146.4-194.3c0 14.9-12 26.8-26.8 26.8-14.9 0-26.8-12-26.8-26.8s12-26.8 26.8-26.8 26.8 12 26.8 26.8zm76.1 27.2c-1.7-35.9-9.9-67.7-36.2-93.9-26.2-26.2-58-34.4-93.9-36.2-37-2.1-147.9-2.1-184.9 0-35.8 1.7-67.6 9.9-93.9 36.1s-34.4 58-36.2 93.9c-2.1 37-2.1 147.9 0 184.9 1.7 35.9 9.9 67.7 36.2 93.9s58 34.4 93.9 36.2c37 2.1 147.9 2.1 184.9 0 35.9-1.7 67.7-9.9 93.9-36.2 26.2-26.2 34.4-58 36.2-93.9 2.1-37 2.1-147.8 0-184.8zM398.8 388c-7.8 19.6-22.9 34.7-42.6 42.6-29.5 11.7-99.5 9-132.1 9s-102.7 2.6-132.1-9c-19.6-7.8-34.7-22.9-42.6-42.6-11.7-29.5-9-99.5-9-132.1s-2.6-102.7 9-132.1c7.8-19.6 22.9-34.7 42.6-42.6 29.5-11.7 99.5-9 132.1-9s102.7-2.6 132.1 9c19.6 7.8 34.7 22.9 42.6 42.6 11.7 29.5 9 99.5 9 132.1s2.7 102.7-9 132.1z\"><\/path><\/svg>\t\t\t\t\t<\/a>\n\t\t\t\t<\/span>\n\t\t\t\t\t\t\t<span class=\"elementor-grid-item\" role=\"listitem\">\n\t\t\t\t\t<a class=\"elementor-icon elementor-social-icon elementor-social-icon-picon-tiktok elementor-repeater-item-141c6d7\" href=\"https:\/\/www.tiktok.com\/@familyexcellnetbaits\" target=\"_blank\" rel=\"noopener\">\n\t\t\t\t\t\t<span class=\"elementor-screen-only\">Picon-tiktok<\/span>\n\t\t\t\t\t\t<i aria-hidden=\"true\" class=\"picon picon-tiktok\"><\/i>\t\t\t\t\t<\/a>\n\t\t\t\t<\/span>\n\t\t\t\t\t<\/div>\n\t\t\t\t\t\t<\/div>\n\t\t\t\t<\/div>\n\t\t<div class=\"elementor-element elementor-element-50b77f9 e-con-full e-flex e-con e-child\" data-id=\"50b77f9\" data-element_type=\"container\">\n\t\t\t\t<div class=\"elementor-element elementor-element-9257ffa elementor-widget elementor-widget-pls-heading\" data-id=\"9257ffa\" data-element_type=\"widget\" data-widget_type=\"pls-heading.default\">\n\t\t\t\t<div class=\"elementor-widget-container\">\n\t\t\t\t\t<div id=\"pls-header-6702\" class=\"pls-element pls-heading pls-text-left separator-none\">\t\n\t\t\t\n\t\t\t<div class=\"heading-wrap\">\n\t\t\t<span class=\"separator-left\"><\/span>\n\t\t\t<h2 class=\"heading-title\">Si tiene alguna pregunta, utilice el formulario de contacto<\/h2>\t\t\t<span class=\"separator-right\"><\/span>\n\t\t\t\t\t<\/div>\n\t\t\n    <\/div>\t\t\t\t<\/div>\n\t\t\t\t<\/div>\n\t\t\t\t<div class=\"elementor-element elementor-element-22e5ae3 elementor-widget elementor-widget-pls-contactus\" data-id=\"22e5ae3\" data-element_type=\"widget\" data-widget_type=\"pls-contactus.default\">\n\t\t\t\t<div class=\"elementor-widget-container\">\n\t\t\t\t\t<div class=\"pls-element pls-contact-us\">\n\t<p class=\"wpcf7-contact-form-not-found\"><strong>Error:<\/strong> Formulario de contacto no encontrado.<\/p><\/div>\t\t\t\t<\/div>\n\t\t\t\t<\/div>\n\t\t\t\t<\/div>\n\t\t\t\t\t<\/div>\n\t\t\t\t<\/div>\n\t\t<div class=\"elementor-element elementor-element-4858846 e-flex e-con-boxed e-con e-parent\" data-id=\"4858846\" data-element_type=\"container\">\n\t\t\t\t\t<div class=\"e-con-inner\">\n\t\t\t\t<div class=\"elementor-element elementor-element-7a07953 elementor-widget elementor-widget-google_maps\" data-id=\"7a07953\" data-element_type=\"widget\" data-widget_type=\"google_maps.default\">\n\t\t\t\t\t\t\t<div class=\"elementor-custom-embed\">\n\t\t\t<iframe loading=\"lazy\"\n\t\t\t\t\tsrc=\"https:\/\/maps.google.com\/maps?q=Excellent%20Baits%20Sp.z%20o.o&#038;t=m&#038;z=12&#038;output=embed&#038;iwloc=near\"\n\t\t\t\t\ttitle=\"Excellent Baits Sp.z o.o\"\n\t\t\t\t\taria-label=\"Excellent Baits Sp.z o.o\"\n\t\t\t><\/iframe>\n\t\t<\/div>\n\t\t\t\t\t\t<\/div>\n\t\t\t\t\t<\/div>\n\t\t\t\t<\/div>\n\t\t\t\t<\/div>\n\t\t","protected":false},"excerpt":{"rendered":"<p>Excellent Baits Sp. z o.o. Correo electr\u00f3nico:excellent_baits@wp.pl Tel\u00e9fono de producci\u00f3n:Radek +48 608 202 857 Tel\u00e9fono de ventas:Leszek +48 602 776 138 Datos de registro de la empresa Excellent Baits Sp.<\/p>\n","protected":false},"author":1,"featured_media":0,"parent":0,"menu_order":0,"comment_status":"closed","ping_status":"closed","template":"","meta":{"footnotes":""},"class_list":["post-3549","page","type-page","status-publish","hentry"],"_links":{"self":[{"href":"https:\/\/www.excellentbaits.pl\/es\/wp-json\/wp\/v2\/pages\/3549","targetHints":{"allow":["GET"]}}],"collection":[{"href":"https:\/\/www.excellentbaits.pl\/es\/wp-json\/wp\/v2\/pages"}],"about":[{"href":"https:\/\/www.excellentbaits.pl\/es\/wp-json\/wp\/v2\/types\/page"}],"author":[{"embeddable":true,"href":"https:\/\/www.excellentbaits.pl\/es\/wp-json\/wp\/v2\/users\/1"}],"replies":[{"embeddable":true,"href":"https:\/\/www.excellentbaits.pl\/es\/wp-json\/wp\/v2\/comments?post=3549"}],"version-history":[{"count":4,"href":"https:\/\/www.excellentbaits.pl\/es\/wp-json\/wp\/v2\/pages\/3549\/revisions"}],"predecessor-version":[{"id":4998,"href":"https:\/\/www.excellentbaits.pl\/es\/wp-json\/wp\/v2\/pages\/3549\/revisions\/4998"}],"wp:attachment":[{"href":"https:\/\/www.excellentbaits.pl\/es\/wp-json\/wp\/v2\/media?parent=3549"}],"curies":[{"name":"wp","href":"https:\/\/api.w.org\/{rel}","templated":true}]}}